{"id":2326,"date":"2018-09-28T03:21:52","date_gmt":"2018-09-28T03:21:52","guid":{"rendered":"http:\/\/demo.arrowpress.net\/modus-sample\/?page_id=2326"},"modified":"2021-03-19T17:11:38","modified_gmt":"2021-03-19T20:11:38","slug":"home-decor","status":"publish","type":"page","link":"https:\/\/tallergorilas.cl\/webroot\/","title":{"rendered":"Home Gorilas"},"content":{"rendered":"<p>[vc_row][vc_column][rev_slider_vc alias=&#8221;home-1&#8243;]<div class=\"ult-spacer spacer-69e0ecdc1485b\" data-id=\"69e0ecdc1485b\" data-height=\"100\" data-height-mobile=\"50\" data-height-tab=\"80\" data-height-tab-portrait=\"70\" data-height-mobile-landscape=\"60\" style=\"clear:both;display:block;\"><\/div>[\/vc_column][\/vc_row][vc_row][vc_column offset=&#8221;vc_col-lg-6&#8243;]<div class=\"ult-content-box-container box-heading-decor\" >\t\t<div class=\"ult-content-box\" style=\"box-shadow: px px px px none;padding-left:45px;-webkit-transition: all 700ms ease;-moz-transition: all 700ms ease;-ms-transition: all 700ms ease;-o-transition: all 700ms ease;transition: all 700ms ease;\"  data-hover_box_shadow=\"none\"    ><div class=\"ult-spacer spacer-69e0ecdc1492f\" data-id=\"69e0ecdc1492f\" data-height=\"44\" data-height-mobile=\"0\" data-height-tab=\"\" data-height-tab-portrait=\"\" data-height-mobile-landscape=\"0\" style=\"clear:both;display:block;\"><\/div>\r\n    <div class=\"modus-headingtitle  head-2 lg sfc wow fadeInUp\" data-wow-duration=\"300ms\" data-wow-delay=\"100ms\">\r\n        <div class=\"shortcode-title wpb_bottom-to-top text-left\">\r\n                                                <h2>\r\n                        Fabricamos<em> Tus Ideas<\/em>                                            <\/h2>\r\n                                                                        <\/div>\r\n    <\/div>\r\n    <div class=\"ult-spacer spacer-69e0ecdc14a00\" data-id=\"69e0ecdc14a00\" data-height=\"22\" data-height-mobile=\"10\" data-height-tab=\"\" data-height-tab-portrait=\"10\" data-height-mobile-landscape=\"10\" style=\"clear:both;display:block;\"><\/div>[vc_column_text]Taller Gorilas nace de una fusi\u00f3n de profesionales y empresas dedicadas al rubro del retail, marketing, arquitectura y dise\u00f1o. Buscamos dar soluciones a nuestros clientes utilizando creatividad, productividad, dise\u00f1o y calidad.[\/vc_column_text]<div class=\"ult-spacer spacer-69e0ecdc14a17\" data-id=\"69e0ecdc14a17\" data-height=\"22\" data-height-mobile=\"10\" data-height-tab=\"\" data-height-tab-portrait=\"10\" data-height-mobile-landscape=\"10\" style=\"clear:both;display:block;\"><\/div><div class=\" ubtn-ctn-left \"><a class=\"ubtn-link ult-adjust-bottom-margin ubtn-left ubtn-custom \" href=\"http:\/\/tallergorilas.cl\/webroot\/nosotros\/\" title=\"Conozca m\u00e1s\" ><button type=\"button\" id=\"ubtn-2430\"  class=\"ubtn ult-adjust-bottom-margin ult-responsive ubtn-custom ubtn-bottom-bg  ulta-pulse-grow  ubtn-left   tooltip-69e0ecdc14a3f\"  data-hover=\"#ffffff\" data-border-color=\"\" data-bg=\"#020000\" data-hover-bg=\"#7c7672\" data-border-hover=\"\" data-shadow-hover=\"\" data-shadow-click=\"none\" data-shadow=\"\" data-shd-shadow=\"\"  data-ultimate-target='#ubtn-2430'  data-responsive-json-new='{\"font-size\":\"desktop:14px;\",\"line-height\":\"\"}'  style=\"font-weight:normal;width:165px;min-height:50px;padding:px px;border:none;background: #020000;color: #ffffff;\"><span class=\"ubtn-hover\" style=\"background-color:#7c7672\"><\/span><span class=\"ubtn-data ubtn-text \" >CON\u00d3ZCANOS<\/span><\/button><\/a><\/div>\t\t<\/div><\/div>[vc_single_image image=&#8221;3265&#8243; img_size=&#8221;full&#8221; alignment=&#8221;right&#8221; el_class=&#8221;img-decor&#8221;]<div class=\"ult-spacer spacer-69e0ecdc14abd\" data-id=\"69e0ecdc14abd\" data-height=\"0\" data-height-mobile=\"50\" data-height-tab=\"50\" data-height-tab-portrait=\"50\" data-height-mobile-landscape=\"50\" style=\"clear:both;display:block;\"><\/div>[\/vc_column][vc_column offset=&#8221;vc_col-lg-6&#8243;][vc_row_inner][vc_column_inner width=&#8221;1\/2&#8243;][vc_single_image image=&#8221;3142&#8243; img_size=&#8221;full&#8221; alignment=&#8221;center&#8221; onclick=&#8221;custom_link&#8221; title=&#8221;Hogar&#8221; link=&#8221;http:\/\/tallergorilas.cl\/webroot\/hogar\/&#8221; el_class=&#8221;img-decor-hover&#8221;]<div class=\"ult-spacer spacer-69e0ecdc14ad7\" data-id=\"69e0ecdc14ad7\" data-height=\"0\" data-height-mobile=\"30\" data-height-tab=\"0\" data-height-tab-portrait=\"0\" data-height-mobile-landscape=\"30\" style=\"clear:both;display:block;\"><\/div>[\/vc_column_inner][vc_column_inner width=&#8221;1\/2&#8243;][vc_single_image image=&#8221;2414&#8243; img_size=&#8221;full&#8221; alignment=&#8221;center&#8221; onclick=&#8221;custom_link&#8221; title=&#8221;Oficinas&#8221; link=&#8221;http:\/\/tallergorilas.cl\/webroot\/oficinas\/&#8221; el_class=&#8221;img-decor-hover&#8221;][\/vc_column_inner][\/vc_row_inner][vc_row_inner][vc_column_inner]<div class=\"ult-spacer spacer-69e0ecdc14aed\" data-id=\"69e0ecdc14aed\" data-height=\"30\" data-height-mobile=\"30\" data-height-tab=\"30\" data-height-tab-portrait=\"\" data-height-mobile-landscape=\"\" style=\"clear:both;display:block;\"><\/div>[vc_single_image image=&#8221;3143&#8243; img_size=&#8221;full&#8221; alignment=&#8221;center&#8221; onclick=&#8221;custom_link&#8221; title=&#8221;Retail&#8221; link=&#8221;http:\/\/tallergorilas.cl\/webroot\/retail\/&#8221; el_class=&#8221;img-decor-hover&#8221;][\/vc_column_inner][\/vc_row_inner]<div class=\"ult-spacer spacer-69e0ecdc14b07\" data-id=\"69e0ecdc14b07\" data-height=\"70\" data-height-mobile=\"30\" data-height-tab=\"60\" data-height-tab-portrait=\"50\" data-height-mobile-landscape=\"40\" style=\"clear:both;display:block;\"><\/div>[\/vc_column][\/vc_row][vc_row full_width=&#8221;stretch_row&#8221; css=&#8221;.vc_custom_1605544571303{background-color: #f5f5f5 !important;}&#8221;][vc_column][vc_row_inner disable_element=&#8221;yes&#8221;][vc_column_inner]<div class=\"ult-spacer spacer-69e0ecdc14b23\" data-id=\"69e0ecdc14b23\" data-height=\"94\" data-height-mobile=\"44\" data-height-tab=\"75\" data-height-tab-portrait=\"64\" data-height-mobile-landscape=\"54\" style=\"clear:both;display:block;\"><\/div>    <div class=\"modus-product margin-15  custom-bt-decor show_navbt\">\r\n        <div class=\"type-heading-5\">                <div class=\"heading-title sfc wow fadeInUp\" data-wow-duration=\"500ms\" data-wow-delay=\"100ms\">\r\n                    <h2>Cat\u00e1logo de <em>Productos<\/em><\/h2>\r\n                    <div class=\"slide-control-custom\">\r\n                        <div class=\"prev slick-arrow\" style=\"display: inline-block;\"><i class=\"fa fa-angle-left\" aria-hidden=\"true\">&nbsp;<\/i><\/div>\r\n                        <div class=\"next slick-arrow\" style=\"display: inline-block;\"><i class=\"fa fa-angle-right\" aria-hidden=\"true\">&nbsp;<\/i><\/div>\r\n                    <\/div>\r\n                <\/div>\r\n                <\/div>                                            <div class=\"slide-product slide-product-grid type9\" data-columns=\"4\" data-rows=\"1\" >\r\n                            <div class=\"beans-stepslider\" data-rotate=\"true\">\r\n                                <div class=\"beans-mask\">\r\n                                    <div class=\"beans-slideset wow fadeInUp\" data-wow-duration=\"500ms\" data-wow-delay=\"100ms\">\r\n                                                                        <\/div>\r\n                            <\/div>\r\n                            <div class=\"beans-pagination\"><\/div>\r\n                            <a class=\"btn-prev\" href=\"#\"><i class=\"fa fa-angle-left\"><\/i><\/a>\r\n                            <a class=\"btn-next\" href=\"#\"><i class=\"fa fa-angle-right\"><\/i><\/a>\r\n                        <\/div>\r\n                    <\/div>\r\n                    <\/div>\r\n<div class=\"ult-spacer spacer-69e0ecdc14e43\" data-id=\"69e0ecdc14e43\" data-height=\"50\" data-height-mobile=\"20\" data-height-tab=\"30\" data-height-tab-portrait=\"39\" data-height-mobile-landscape=\"20\" style=\"clear:both;display:block;\"><\/div>[\/vc_column_inner][\/vc_row_inner][\/vc_column][\/vc_row][vc_row full_width=&#8221;stretch_row_content_no_spaces&#8221; disable_element=&#8221;yes&#8221;][vc_column offset=&#8221;vc_col-lg-6 vc_col-md-6&#8243;]    <div class=\"modus-box banner-decor-right color1 \">\r\n        <div class=\"layout1 style4\">\r\n            <a href=\"http:\/\/tallergorilas.cl\/webroot\/hogar\/\" title=\"VER PROYECTOS\" target=\"_self\" >                    <div class=\"box-image sfc wow fadeInUp\" data-wow-duration=\"300ms\" data-wow-delay=\"100ms\">\r\n                        <img alt=\"icon\" src=\"https:\/\/tallergorilas.cl\/webroot\/wp-content\/uploads\/2020\/11\/banner1-1.jpg\">\r\n                    <\/div>\r\n                    <\/a>                    <div class=\"box-content\">\r\n                        <div class=\"title-box sfc wow fadeInUp\" data-wow-duration=\"400ms\" data-wow-delay=\"100ms\">\r\n                            <h4 class=\"boxsub-title\">Dise\u00f1a tu <em>Hogar<\/em><\/h4>                            <h3 class=\"box-title\"><em>Arquitectura<\/em> Interior<\/h3> \r\n                        <\/div>\r\n                                                                            <a class=\"link-more sfc wow fadeInUp\" data-wow-duration=\"500ms\" data-wow-delay=\"100ms\" href=\"http:\/\/tallergorilas.cl\/webroot\/hogar\/\" title=\"VER PROYECTOS\" target=\"_self\" >VER PROYECTOS<\/a>\r\n                                                <\/div>\r\n                \t\t\t\r\n\t\t<\/div>\r\n    <\/div>\r\n    [\/vc_column][vc_column offset=&#8221;vc_col-lg-6 vc_col-md-6&#8243;]    <div class=\"modus-box banner-decor-left \">\r\n        <div class=\"layout1 style4\">\r\n            <a href=\"http:\/\/tallergorilas.cl\/webroot\/contacto\/\" title=\"CONT\u00c1CTENOS\" target=\"_self\" >                    <div class=\"box-image sfc wow fadeInUp\" data-wow-duration=\"300ms\" data-wow-delay=\"100ms\">\r\n                        <img alt=\"icon\" src=\"https:\/\/tallergorilas.cl\/webroot\/wp-content\/uploads\/2020\/11\/banner2-1.jpg\">\r\n                    <\/div>\r\n                    <\/a>                    <div class=\"box-content\">\r\n                        <div class=\"title-box sfc wow fadeInUp\" data-wow-duration=\"400ms\" data-wow-delay=\"100ms\">\r\n                            <h4 class=\"boxsub-title\">Realice su <em>Cotizaci\u00f3n<\/em><\/h4>                            <h3 class=\"box-title\">Nuestro <em> equipo lo espera<\/em><\/h3> \r\n                        <\/div>\r\n                                                                            <a class=\"link-more sfc wow fadeInUp\" data-wow-duration=\"500ms\" data-wow-delay=\"100ms\" href=\"http:\/\/tallergorilas.cl\/webroot\/contacto\/\" title=\"CONT\u00c1CTENOS\" target=\"_self\" >CONT\u00c1CTENOS<\/a>\r\n                                                <\/div>\r\n                \t\t\t\r\n\t\t<\/div>\r\n    <\/div>\r\n    [\/vc_column][\/vc_row][vc_row][vc_column]<div class=\"ult-spacer spacer-69e0ecdc16a5c\" data-id=\"69e0ecdc16a5c\" data-height=\"46\" data-height-mobile=\"16\" data-height-tab=\"26\" data-height-tab-portrait=\"36\" data-height-mobile-landscape=\"26\" style=\"clear:both;display:block;\"><\/div>\r\n    <div class=\"modus-headingtitle  head-2 lg sfc wow fadeInUp\" data-wow-duration=\"300ms\" data-wow-delay=\"100ms\">\r\n        <div class=\"shortcode-title wpb_bottom-to-top text-center\">\r\n                                                <h2>\r\n                        S\u00cdGUENOS <em> EN INSTAGRAM: @TALLER_GORILAS<\/em>                                            <\/h2>\r\n                                                                        <\/div>\r\n    <\/div>\r\n    <div class=\"ult-spacer spacer-69e0ecdc16aa7\" data-id=\"69e0ecdc16aa7\" data-height=\"34\" data-height-mobile=\"34\" data-height-tab=\"34\" data-height-tab-portrait=\"\" data-height-mobile-landscape=\"\" style=\"clear:both;display:block;\"><\/div>[vc_widget_sidebar sidebar_id=&#8221;instagram-sidebar&#8221; el_class=&#8221;instagram-decor&#8221;]<div class=\"ult-spacer spacer-69e0ecdc16ab4\" data-id=\"69e0ecdc16ab4\" data-height=\"64\" data-height-mobile=\"22\" data-height-tab=\"54\" data-height-tab-portrait=\"44\" data-height-mobile-landscape=\"33\" style=\"clear:both;display:block;\"><\/div>[\/vc_column][\/vc_row][vc_row disable_element=&#8221;yes&#8221;][vc_column]<div class=\"ult-spacer spacer-69e0ecdc16abf\" data-id=\"69e0ecdc16abf\" data-height=\"69\" data-height-mobile=\"29\" data-height-tab=\"59\" data-height-tab-portrait=\"49\" data-height-mobile-landscape=\"39\" style=\"clear:both;display:block;\"><\/div>\r\n    <div class=\"modus-headingtitle  heading-newsletter default lg sfc wow fadeInUp\" data-wow-duration=\"300ms\" data-wow-delay=\"100ms\">\r\n        <div class=\"shortcode-title wpb_bottom-to-top text-center\">\r\n                                                <h2>\r\n                        Suscr\u00edbase a nuestro<em> Newsletter<\/em>                                            <\/h2>\r\n                                                                    <div class=\"txt-heading\">\r\n                        <p>Obt\u00e9n las ultimas noticias y ofertas especiales directamente a tu casilla de correo.<\/p>\n                    <\/div>\r\n                                        <\/div>\r\n    <\/div>\r\n    <div class=\"ult-spacer spacer-69e0ecdc16b15\" data-id=\"69e0ecdc16b15\" data-height=\"33\" data-height-mobile=\"22\" data-height-tab=\"\" data-height-tab-portrait=\"\" data-height-mobile-landscape=\"22\" style=\"clear:both;display:block;\"><\/div>[vc_column_text css=&#8221;.vc_custom_1537759856335{margin-top: 0px !important;margin-bottom: 0px !important;padding-top: 0px !important;padding-bottom: 0px !important;}&#8221; el_class=&#8221;form_newsletter_2&#8243;]<script>(function() {\n\twindow.mc4wp = window.mc4wp || {\n\t\tlisteners: [],\n\t\tforms: {\n\t\t\ton: function(evt, cb) {\n\t\t\t\twindow.mc4wp.listeners.push(\n\t\t\t\t\t{\n\t\t\t\t\t\tevent   : evt,\n\t\t\t\t\t\tcallback: cb\n\t\t\t\t\t}\n\t\t\t\t);\n\t\t\t}\n\t\t}\n\t}\n})();\n<\/script><!-- Mailchimp for WordPress v4.8.3 - https:\/\/wordpress.org\/plugins\/mailchimp-for-wp\/ --><form id=\"mc4wp-form-1\" class=\"mc4wp-form mc4wp-form-48\" method=\"post\" data-id=\"48\" data-name=\"Subscr\u00edbete\" ><div class=\"mc4wp-form-fields\"><p class=\"newletter-label\">  \r\n  Suscr\u00edbase a nuestro NEWSLETTER\r\n<\/p>\r\n<p class=\"dsc-newletter\">\r\n  Noticias, dise\u00f1o y arquitectura directamente en tu casilla de correo.\r\n<\/p>\r\n<div class=\"relative\"><input type=\"email\" name=\"EMAIL\" placeholder=\"Ingresa tu email...\" required \/><input type=\"submit\" value=\"Suscr\u00edbase\" \/><i class=\"Pe-icon-7-stroke-mail\"><\/i><\/div><\/div><label style=\"display: none !important;\">Leave this field empty if you're human: <input type=\"text\" name=\"_mc4wp_honeypot\" value=\"\" tabindex=\"-1\" autocomplete=\"off\" \/><\/label><input type=\"hidden\" name=\"_mc4wp_timestamp\" value=\"1776348380\" \/><input type=\"hidden\" name=\"_mc4wp_form_id\" value=\"48\" \/><input type=\"hidden\" name=\"_mc4wp_form_element_id\" value=\"mc4wp-form-1\" \/><div class=\"mc4wp-response\"><\/div><\/form><!-- \/ Mailchimp for WordPress Plugin -->[\/vc_column_text]<div class=\"ult-spacer spacer-69e0ecdc1741b\" data-id=\"69e0ecdc1741b\" data-height=\"38\" data-height-mobile=\"0\" data-height-tab=\"0\" data-height-tab-portrait=\"0\" data-height-mobile-landscape=\"0\" style=\"clear:both;display:block;\"><\/div>[\/vc_column][\/vc_row][vc_row disable_element=&#8221;yes&#8221;][vc_column]            <div class=\"modus-icon modus-icon-3\">\r\n            <div class=\"sfc wow fadeInUp\" data-wow-duration=\"300ms\" data-wow-delay=\"100ms\">\r\n                                        <div class=\"col-xs-12 col-sm-3 col-md-3\">\r\n                            <div class=\"modus-iconbox icon-align-left size-md\">   \r\n                                <div class=\"box-icon\">\r\n                                    <div class=\"midle\">\r\n                                        <div class=\"icon\">\r\n                                            <img class=\"modus-img-icon\" src=\"\" alt=\"\">                                        <\/div>\r\n                                        <div class=\"box-content\">\r\n                                            <a href=\"#\" class=\"title\">Cami\u00f3n para Despachos<\/a>\r\n                                                                                            <div>con Experimentados Instaladores<\/div>\r\n                                                                                    <\/div>\r\n                                    <\/div>\r\n                                <\/div>\r\n                            <\/div>\r\n                        <\/div>\r\n                                            <div class=\"col-xs-12 col-sm-3 col-md-3\">\r\n                            <div class=\"modus-iconbox icon-align-left size-md\">   \r\n                                <div class=\"box-icon\">\r\n                                    <div class=\"midle\">\r\n                                        <div class=\"icon\">\r\n                                            <img class=\"modus-img-icon\" src=\"\" alt=\"\">                                        <\/div>\r\n                                        <div class=\"box-content\">\r\n                                            <a href=\"\" class=\"title\">Manejamos tu presupuesto<\/a>\r\n                                                                                            <div>Cotizamos solo los mejores materiales<\/div>\r\n                                                                                    <\/div>\r\n                                    <\/div>\r\n                                <\/div>\r\n                            <\/div>\r\n                        <\/div>\r\n                                            <div class=\"col-xs-12 col-sm-3 col-md-3\">\r\n                            <div class=\"modus-iconbox icon-align-left size-md\">   \r\n                                <div class=\"box-icon\">\r\n                                    <div class=\"midle\">\r\n                                        <div class=\"icon\">\r\n                                                                                            <i class=\"hvr-wobble-vertical Defaults-eye\"><\/i>\r\n                                                                                    <\/div>\r\n                                        <div class=\"box-content\">\r\n                                            <a href=\"\" class=\"title\">Visual Merchandising<\/a>\r\n                                                                                            <div>Sabemos c\u00f3mo sorprender con elementos simples<\/div>\r\n                                                                                    <\/div>\r\n                                    <\/div>\r\n                                <\/div>\r\n                            <\/div>\r\n                        <\/div>\r\n                                            <div class=\"col-xs-12 col-sm-3 col-md-3\">\r\n                            <div class=\"modus-iconbox icon-align-left size-md\">   \r\n                                <div class=\"box-icon\">\r\n                                    <div class=\"midle\">\r\n                                        <div class=\"icon\">\r\n                                                                                            <i class=\"hvr-wobble-vertical Defaults-retweet\"><\/i>\r\n                                                                                    <\/div>\r\n                                        <div class=\"box-content\">\r\n                                            <a href=\"#\" class=\"title\">Servicio de Post Venta<\/a>\r\n                                                                                            <div>Para cada uno de nuestros clientes<\/div>\r\n                                                                                    <\/div>\r\n                                    <\/div>\r\n                                <\/div>\r\n                            <\/div>\r\n                        <\/div>\r\n                                <\/div>\r\n        <\/div>\r\n         [\/vc_column][\/vc_row]<\/p>\n","protected":false},"excerpt":{"rendered":"<p>[vc_row][vc_column][rev_slider_vc alias=&#8221;home-1&#8243;][\/vc_column][\/vc_row][vc_row][vc_column offset=&#8221;vc_col-lg-6&#8243;][vc_single_image image=&#8221;3265&#8243; img_size=&#8221;full&#8221; alignment=&#8221;right&#8221; el_class=&#8221;img-decor&#8221;][\/vc_column][vc_column offset=&#8221;vc_col-lg-6&#8243;][vc_row_inner][vc_column_inner width=&#8221;1\/2&#8243;][vc_single_image image=&#8221;3142&#8243; img_size=&#8221;full&#8221; alignment=&#8221;center&#8221; onclick=&#8221;custom_link&#8221; title=&#8221;Hogar&#8221; link=&#8221;http:\/\/tallergorilas.cl\/webroot\/hogar\/&#8221; el_class=&#8221;img-decor-hover&#8221;][\/vc_column_inner][vc_column_inner width=&#8221;1\/2&#8243;][vc_single_image image=&#8221;2414&#8243; img_size=&#8221;full&#8221; alignment=&#8221;center&#8221; onclick=&#8221;custom_link&#8221; title=&#8221;Oficinas&#8221; [&hellip;]<\/p>\n","protected":false},"author":1,"featured_media":0,"parent":0,"menu_order":0,"comment_status":"closed","ping_status":"closed","template":"","meta":[],"_links":{"self":[{"href":"https:\/\/tallergorilas.cl\/webroot\/wp-json\/wp\/v2\/pages\/2326"}],"collection":[{"href":"https:\/\/tallergorilas.cl\/webroot\/wp-json\/wp\/v2\/pages"}],"about":[{"href":"https:\/\/tallergorilas.cl\/webroot\/wp-json\/wp\/v2\/types\/page"}],"author":[{"embeddable":true,"href":"https:\/\/tallergorilas.cl\/webroot\/wp-json\/wp\/v2\/users\/1"}],"replies":[{"embeddable":true,"href":"https:\/\/tallergorilas.cl\/webroot\/wp-json\/wp\/v2\/comments?post=2326"}],"version-history":[{"count":65,"href":"https:\/\/tallergorilas.cl\/webroot\/wp-json\/wp\/v2\/pages\/2326\/revisions"}],"predecessor-version":[{"id":3318,"href":"https:\/\/tallergorilas.cl\/webroot\/wp-json\/wp\/v2\/pages\/2326\/revisions\/3318"}],"wp:attachment":[{"href":"https:\/\/tallergorilas.cl\/webroot\/wp-json\/wp\/v2\/media?parent=2326"}],"curies":[{"name":"wp","href":"https:\/\/api.w.org\/{rel}","templated":true}]}}