{"id":22,"date":"2017-04-18T03:08:03","date_gmt":"2017-04-18T03:08:03","guid":{"rendered":"http:\/\/demo.arrowpress.net\/modus-sample\/?page_id=22"},"modified":"2020-12-21T20:39:33","modified_gmt":"2020-12-21T23:39:33","slug":"nosotros","status":"publish","type":"page","link":"https:\/\/tallergorilas.cl\/webroot\/nosotros\/","title":{"rendered":"Nosotros"},"content":{"rendered":"<p>[vc_row][vc_column width=&#8221;1\/6&#8243;][\/vc_column][vc_column width=&#8221;2\/3&#8243;][vc_column_text]<\/p>\n<h3 style=\"text-align: center;\">NOSOTROS<\/h3>\n<p>[\/vc_column_text][vc_empty_space height=&#8221;16px&#8221;][vc_column_text css=&#8221;.vc_custom_1605028939132{margin-bottom: 20px !important;}&#8221;]<\/p>\n<p style=\"text-align: center;\">Taller Gorilas nace de una fusi\u00f3n de profesionales y empresas dedicadas al rubro del retail, marketing, arquitectura y dise\u00f1o. Buscamos dar soluciones a nuestros clientes utilizando creatividad, productividad, dise\u00f1o y calidad.<\/p>\n<p>[\/vc_column_text][vc_empty_space height=&#8221;86px&#8221;][\/vc_column][vc_column width=&#8221;1\/6&#8243;][\/vc_column][\/vc_row][vc_row gap=&#8221;10&#8243; bg_type=&#8221;bg_color&#8221; bg_color_value=&#8221;#ffffff&#8221;][vc_column width=&#8221;1\/2&#8243; css=&#8221;.vc_custom_1607197223265{padding: 0px !important;}&#8221;][vc_single_image image=&#8221;3205&#8243; img_size=&#8221;full&#8221;][\/vc_column][vc_column width=&#8221;1\/2&#8243; css=&#8221;.vc_custom_1607197305494{padding: 0px !important;}&#8221;][vc_single_image image=&#8221;3206&#8243; img_size=&#8221;full&#8221;][\/vc_column][\/vc_row][vc_row][vc_column][vc_empty_space height=&#8221;100px&#8221;][\/vc_column][\/vc_row][vc_row gap=&#8221;10&#8243; bg_type=&#8221;bg_color&#8221; bg_color_value=&#8221;#ffffff&#8221;][vc_column width=&#8221;1\/2&#8243; css=&#8221;.vc_custom_1607197315108{padding: 0px !important;}&#8221;][vc_single_image image=&#8221;3108&#8243; img_size=&#8221;full&#8221;][\/vc_column][vc_column width=&#8221;1\/2&#8243; css=&#8221;.vc_custom_1607197322814{padding: 0px !important;}&#8221;][vc_single_image image=&#8221;3105&#8243; img_size=&#8221;full&#8221;][\/vc_column][\/vc_row][vc_row][vc_column][vc_empty_space height=&#8221;100px&#8221;][\/vc_column][\/vc_row][vc_row gap=&#8221;10&#8243; bg_type=&#8221;bg_color&#8221; bg_color_value=&#8221;#ffffff&#8221;][vc_column width=&#8221;1\/2&#8243; css=&#8221;.vc_custom_1607197331696{padding: 0px !important;}&#8221;][vc_single_image image=&#8221;3107&#8243; img_size=&#8221;full&#8221;][\/vc_column][vc_column width=&#8221;1\/2&#8243; css=&#8221;.vc_custom_1607197343432{padding: 0px !important;}&#8221;][vc_single_image image=&#8221;3109&#8243; img_size=&#8221;full&#8221;][\/vc_column][\/vc_row][vc_row disable_element=&#8221;yes&#8221; el_class=&#8221;padding-top-60 padding-bottom-60&#8243;][vc_column]\r\n    <div class=\"modus-headingtitle  default md sfc wow fadeInUp\" data-wow-duration=\"300ms\" data-wow-delay=\"100ms\">\r\n        <div class=\"shortcode-title wpb_bottom-to-top text-center\">\r\n                                                <h2>\r\n                        CONT\u00c1CTESE CON UN VENDEDOR                                            <\/h2>\r\n                                                                        <\/div>\r\n    <\/div>\r\n    <div class=\"ult-spacer spacer-69e031e0ce781\" data-id=\"69e031e0ce781\" data-height=\"35\" data-height-mobile=\"35\" data-height-tab=\"35\" data-height-tab-portrait=\"\" data-height-mobile-landscape=\"25\" style=\"clear:both;display:block;\"><\/div>\r\n    <div class=\"modus-team\">\r\n        <div class=\"sfc wow fadeInUp\" data-wow-duration=\"300ms\" data-wow-delay=\"100ms\">\r\n                            <div class=\"team-list layout1\">\r\n                    <div class=\"row\">                            <div class=\"col-xs-12 col-sm-4 col-md-4\">\r\n                                <div class=\"team-item layout1\">\r\n                                    <!-- client box -->\r\n                                                                                                                                                    <div class=\"team-info\">\r\n                                                                                        <h3>Alejandro S\u00e1nchez<\/h3>\r\n                                                <div class=\"team-cat\">\r\n                                                    <ul>\r\n                                                                                                                            <li>Ventas y Jefe de Taller<\/li>\r\n                                                                                                                    <\/ul>\r\n                                                <\/div>\r\n                                                <h3 class=\"team-3\"><a href=\"https:\/\/tallergorilas.cl\/webroot\/team\/alejandro-sanchez\/\" title=\"\">Alejandro S\u00e1nchez<\/a><\/h3>\r\n                                                <div class=\"team-dsc\">\r\n                                                    <p>Resolvemos las problem\u00e1ticas de su proyecto.<\/p>\n                                                <\/div>\r\n                                                                                                                            <div class=\"team-social\">\r\n                                                                                                <ul>\r\n                                                                                                                                                                                                                                                                <\/ul>\r\n                                            <\/div>\r\n                                        \r\n                                    <\/div>\r\n                                <\/div>\r\n                            <\/div>\r\n                                                        <div class=\"col-xs-12 col-sm-4 col-md-4\">\r\n                                <div class=\"team-item layout1\">\r\n                                    <!-- client box -->\r\n                                                                                                                                                    <div class=\"team-info\">\r\n                                                                                        <h3>B\u00e1rbara Virguez<\/h3>\r\n                                                <div class=\"team-cat\">\r\n                                                    <ul>\r\n                                                                                                                            <li>Ventas y Administraci\u00f3n<\/li>\r\n                                                                                                                    <\/ul>\r\n                                                <\/div>\r\n                                                <h3 class=\"team-3\"><a href=\"https:\/\/tallergorilas.cl\/webroot\/team\/barbara-virguez\/\" title=\"\">B\u00e1rbara Virguez<\/a><\/h3>\r\n                                                <div class=\"team-dsc\">\r\n                                                    <p>Cuenta con nosotros para cotizar.<\/p>\n                                                <\/div>\r\n                                                                                                                            <div class=\"team-social\">\r\n                                                                                                <ul>\r\n                                                                                                                                                                                                                                                                <\/ul>\r\n                                            <\/div>\r\n                                        \r\n                                    <\/div>\r\n                                <\/div>\r\n                            <\/div>\r\n                                                        <div class=\"col-xs-12 col-sm-4 col-md-4\">\r\n                                <div class=\"team-item layout1\">\r\n                                    <!-- client box -->\r\n                                                                                                                                                    <div class=\"team-info\">\r\n                                                                                        <h3>Juan Pablo Campos<\/h3>\r\n                                                <div class=\"team-cat\">\r\n                                                    <ul>\r\n                                                                                                                            <li>Ventas Plataforma Gorilas<\/li>\r\n                                                                                                                    <\/ul>\r\n                                                <\/div>\r\n                                                <h3 class=\"team-3\"><a href=\"https:\/\/tallergorilas.cl\/webroot\/team\/papo-campos\/\" title=\"\">Juan Pablo Campos<\/a><\/h3>\r\n                                                <div class=\"team-dsc\">\r\n                                                    <p>Con flexibilidad nos adaptamos a todo reto.<\/p>\n                                                <\/div>\r\n                                                                                                                            <div class=\"team-social\">\r\n                                                                                                <ul>\r\n                                                                                                                                                                                                                                                                <\/ul>\r\n                                            <\/div>\r\n                                        \r\n                                    <\/div>\r\n                                <\/div>\r\n                            <\/div>\r\n                            <\/div>                <\/div>\r\n                        <\/div>\r\n    <\/div>\r\n    [\/vc_column][\/vc_row]<\/p>\n","protected":false},"excerpt":{"rendered":"<p>[vc_row][vc_column width=&#8221;1\/6&#8243;][\/vc_column][vc_column width=&#8221;2\/3&#8243;][vc_column_text] NOSOTROS [\/vc_column_text][vc_empty_space height=&#8221;16px&#8221;][vc_column_text css=&#8221;.vc_custom_1605028939132{margin-bottom: 20px !important;}&#8221;] Taller Gorilas nace de una fusi\u00f3n de profesionales y empresas dedicadas al rubro [&hellip;]<\/p>\n","protected":false},"author":1,"featured_media":0,"parent":0,"menu_order":0,"comment_status":"closed","ping_status":"closed","template":"","meta":[],"_links":{"self":[{"href":"https:\/\/tallergorilas.cl\/webroot\/wp-json\/wp\/v2\/pages\/22"}],"collection":[{"href":"https:\/\/tallergorilas.cl\/webroot\/wp-json\/wp\/v2\/pages"}],"about":[{"href":"https:\/\/tallergorilas.cl\/webroot\/wp-json\/wp\/v2\/types\/page"}],"author":[{"embeddable":true,"href":"https:\/\/tallergorilas.cl\/webroot\/wp-json\/wp\/v2\/users\/1"}],"replies":[{"embeddable":true,"href":"https:\/\/tallergorilas.cl\/webroot\/wp-json\/wp\/v2\/comments?post=22"}],"version-history":[{"count":43,"href":"https:\/\/tallergorilas.cl\/webroot\/wp-json\/wp\/v2\/pages\/22\/revisions"}],"predecessor-version":[{"id":3207,"href":"https:\/\/tallergorilas.cl\/webroot\/wp-json\/wp\/v2\/pages\/22\/revisions\/3207"}],"wp:attachment":[{"href":"https:\/\/tallergorilas.cl\/webroot\/wp-json\/wp\/v2\/media?parent=22"}],"curies":[{"name":"wp","href":"https:\/\/api.w.org\/{rel}","templated":true}]}}